{"id":34,"date":"2022-12-19T16:00:48","date_gmt":"2022-12-19T16:00:48","guid":{"rendered":"https:\/\/diesterheft-bauplanung.de\/?page_id=34"},"modified":"2022-12-26T15:15:58","modified_gmt":"2022-12-26T15:15:58","slug":"impressum","status":"publish","type":"page","link":"https:\/\/diesterheft-bauplanung.de\/index.php\/impressum\/","title":{"rendered":"Impressum"},"content":{"rendered":"\n<p><code>[imprint]<\/code><\/p>\n\n\n\n<p id=\"block-a6ec24a1-3bed-49cd-b796-91cf486c39da\">Angaben gem\u00e4\u00df \u00a75 TMG und \u00a755 Abs. 2 RStV<\/p>\n\n\n\n<p>Gesch\u00e4ftsf\u00fchrer:<\/p>\n\n\n\n<p><strong>Dipl.-Ing. Kurt Diesterheft<\/strong><br>Warburger Str. 49a<br>34414 Warburg<\/p>\n\n\n\n<p>Tel. 05641-2269<br>eMail: diesterheft@e.mail.de<br>web: diesterheft-bauplanung.de<\/p>\n\n\n\n<p>Steuer-Nr.:   345\/5010\/0903<br><br>Ing.-Kammer: Ingenieurkammer Bau NRW<br><\/p>\n\n\n\n<p id=\"block-33f7ee2b-fc3c-4f57-b974-0c757d920a33\"><strong>Haftungsausschluss &#8211; Disclaimer<\/strong><\/p>\n\n\n\n<p id=\"block-b3d01a86-2866-405d-85de-0d2b9ab86f86\">1. Inhalt des Onlineangebotes<\/p>\n\n\n\n<p id=\"block-c580b063-4d43-4bd1-af23-d4aaf6461a3b\">Der Autor \u00fcbernimmt keinerlei Gew\u00e4hr f\u00fcr die Aktualit\u00e4t, Korrektheit, Vollst\u00e4ndigkeit oder Qualit\u00e4t der bereitgestellten Informationen. Haftungsanspr\u00fcche gegen den Autor, die sich auf Sch\u00e4den materieller oder ideeller Art beziehen, welche durch die Nutzung oder Nichtnutzung der dargebotenen Informationen bzw. durch die Nutzung fehlerhafter und unvollst\u00e4ndiger Informationen verursacht wurden sind grunds\u00e4tzlich ausgeschlossen, sofern seitens des Autors kein nachweislich vors\u00e4tzliches oder grob fahrl\u00e4ssiges Verschulden vorliegt.<\/p>\n\n\n\n<p id=\"block-2779454d-936a-45e7-ae37-f1a7f43cf83a\">Alle Angebote sind freibleibend und unverbindlich. Der Autor beh\u00e4lt es sich ausdr\u00fccklich vor, Teile der Seiten oder das gesamte Angebot ohne gesonderte Ank\u00fcndigung zu ver\u00e4ndern, zu erg\u00e4nzen, zu l\u00f6schen oder die Ver\u00f6ffentlichung zeitweise oder endg\u00fcltig einzustellen.<\/p>\n\n\n\n<p id=\"block-000403e8-572c-4d2f-8854-7e70987b31c0\">2. Verweise und Links<\/p>\n\n\n\n<p id=\"block-dffc3e6e-9038-4b17-8c23-d23747fb5b08\">Sofern auf Verweise (&#8222;Links&#8220;) direkt oder indirekt verwiesen wird, die au\u00dferhalb des Verantwortungsbereiches des Autors liegen, haftet dieser nur dann, wenn er von den Inhalten Kenntnis hat und es ihm technisch m\u00f6glich und zumutbar w\u00e4re, die Nutzung im Falle rechtswidriger Inhalte zu verhindern. F\u00fcr dar\u00fcber hinausgehende Inhalte und insbesondere f\u00fcr Sch\u00e4den, die aus der Nutzung oder Nichtnutzung solcherart dargebotener Informationen entstehen, haftet allein der Anbieter dieser Seiten, nicht derjenige, der \u00fcber Links auf die jeweilige Ver\u00f6ffentlichung lediglich verweist. Diese Einschr\u00e4nkung gilt gleicherma\u00dfen auch f\u00fcr Fremdeintr\u00e4ge in vom Autor eingerichteten G\u00e4steb\u00fcchern, Diskussionsforen und Mailinglisten. Trotz sorgf\u00e4ltiger inhaltlicher Kontrolle \u00fcbernehmen wir keine Haftung f\u00fcr die Inhalte externer Links. F\u00fcr den Inhalt der verlinkten Seiten sind ausschlie\u00dflich deren Betreiber verantwortlich.<\/p>\n\n\n\n<p id=\"block-c2272046-816b-436e-bad8-6a4ef405ad71\">3. Urheberrecht<\/p>\n\n\n\n<p id=\"block-8504833d-4b30-45e1-a618-6dfe9c134b80\">Der Autor ist bestrebt, in allen Publikationen die Urheberrechte der verwendeten Grafiken, Sounds und Texte zu beachten, von ihm selbst erstellte Grafiken, Sounds und Texte zu nutzen oder auf lizenzfreie Grafiken, Sounds und Texte zur\u00fcckzugreifen. Sollte sich auf den jeweiligen Seiten dennoch eine ungekennzeichnete, aber durch fremdes Urheberrecht gesch\u00fctzte Grafik, ein Sound oder Text befinden, so konnte das Urheberrecht vom Autor nicht festgestellt werden. Im Falle einer solchen unbeabsichtigten Rechteverletzung wird der Autor das entsprechende Objekt nach Benachrichtigung aus seiner Publikation entfernen bzw. mit dem entsprechenden Vermerk kenntlich machen. Das Urheberrecht f\u00fcr ver\u00f6ffentlichte, vom Autor selbst erstellte Objekte bleibt allein beim Autor der Seiten. Eine Vervielf\u00e4ltigung oder Verwendung solcher Grafiken, Sounds oder Texte in anderen elektronischen oder gedruckten Publikationen ist ohne ausdr\u00fcckliche Zustimmung des Autors nicht gestattet.<br>Downloads und Kopien dieser Seite sind nur f\u00fcr den privaten, nicht kommerziellen Gebrauch gestattet.<\/p>\n\n\n\n<p>Soweit die Inhalte auf dieser Seite nicht vom Betreiber erstellt wurden, werden die Urheberrechte Dritter beachtet. Insbesondere werden Inhalte Dritter als solche gekennzeichnet. <\/p>\n\n\n\n<h3 class=\"has-normal-font-size wp-block-heading\">4. Bildrechte und Quellen<\/h3>\n\n\n\n<p>Alle Fotos auf der Webseite wurden vom Autor aufgenommen. Wenn Fotos Dritter verwendet werden, geschieht dieses mit dem entsprechenden Einverst\u00e4ndnis. Soweit die Inhalte auf dieser Seite nicht vom Betreiber erstellt wurden, werden die Urheberrechte <br>Dritter beachtet. Insbesondere werden Inhalte Dritter als solche gekennzeichnet. <\/p>\n\n\n\n<p id=\"block-35f3590e-30bb-43ac-b15d-35bc4c094329\">5. Rechtswirksamkeit dieses Haftungsausschlusses<\/p>\n\n\n\n<p id=\"block-cab168b1-e4b2-498a-96c5-3d027cfdb484\">Dieser Haftungsausschluss ist als Teil des Internetangebotes zu betrachten, von dem aus auf diese Seite verwiesen wurde. Sofern Teile oder einzelne Formulierungen dieses Textes der geltenden Rechtslage nicht, nicht mehr oder nicht vollst\u00e4ndig entsprechen sollten, bleiben die \u00fcbrigen Teile des Dokumentes in ihrem Inhalt und ihrer G\u00fcltigkeit davon unber\u00fchrt.<br><br>6. Online-Streitbeilegung<\/p>\n\n\n\n<h1 class=\"has-normal-font-size wp-block-heading\" id=\"u956-4\">Die Europ\u00e4ische Kommission stellt unter https:\/\/ec.europa.eu\/consumers\/odr\/ eine Plattform zur Online-Streitbeilegung bereit, die Verbraucher f\u00fcr die Beilegung einer Streitigkeit nutzen k\u00f6nnen und auf der weitere Informationen zum Thema Streitschlichtung zu finden sind.<\/h1>\n\n\n\n<h1 class=\"has-normal-font-size wp-block-heading\" id=\"u956-5\">&nbsp;7. Au\u00dfergerichtliche Streitbeilegung<\/h1>\n\n\n\n<h1 class=\"has-normal-font-size wp-block-heading\" id=\"u956-9\">Wir sind weder verpflichtet noch dazu bereit, im Falle einer Streitigkeit <br>mit einem Verbraucher an einem Streitbeilegungsverfahren vor einer Verbraucherschlichtungsstelle teilzunehmen.<\/h1>\n","protected":false},"excerpt":{"rendered":"<p>[imprint] Angaben gem\u00e4\u00df \u00a75 TMG und \u00a755 Abs. 2 RStV Gesch\u00e4ftsf\u00fchrer: Dipl.-Ing. Kurt DiesterheftWarburger Str. 49a34414 Warburg Tel. 05641-2269eMail: diesterheft@e.mail.deweb: diesterheft-bauplanung.de Steuer-Nr.: 345\/5010\/0903 Ing.-Kammer: Ingenieurkammer Bau NRW Haftungsausschluss &#8211; Disclaimer 1. Inhalt des Onlineangebotes Der Autor \u00fcbernimmt keinerlei Gew\u00e4hr f\u00fcr die Aktualit\u00e4t, Korrektheit, Vollst\u00e4ndigkeit oder &hellip; <a href=\"https:\/\/diesterheft-bauplanung.de\/index.php\/impressum\/\" class=\"more-link\"><span>Continue reading<span class=\"screen-reader-text\">Impressum<\/span><\/span><\/a><\/p>\n","protected":false},"author":1,"featured_media":0,"parent":0,"menu_order":3,"comment_status":"closed","ping_status":"closed","template":"","meta":{"footnotes":""},"class_list":["post-34","page","type-page","status-publish","hentry"],"_links":{"self":[{"href":"https:\/\/diesterheft-bauplanung.de\/index.php\/wp-json\/wp\/v2\/pages\/34","targetHints":{"allow":["GET"]}}],"collection":[{"href":"https:\/\/diesterheft-bauplanung.de\/index.php\/wp-json\/wp\/v2\/pages"}],"about":[{"href":"https:\/\/diesterheft-bauplanung.de\/index.php\/wp-json\/wp\/v2\/types\/page"}],"author":[{"embeddable":true,"href":"https:\/\/diesterheft-bauplanung.de\/index.php\/wp-json\/wp\/v2\/users\/1"}],"replies":[{"embeddable":true,"href":"https:\/\/diesterheft-bauplanung.de\/index.php\/wp-json\/wp\/v2\/comments?post=34"}],"version-history":[{"count":2,"href":"https:\/\/diesterheft-bauplanung.de\/index.php\/wp-json\/wp\/v2\/pages\/34\/revisions"}],"predecessor-version":[{"id":49,"href":"https:\/\/diesterheft-bauplanung.de\/index.php\/wp-json\/wp\/v2\/pages\/34\/revisions\/49"}],"wp:attachment":[{"href":"https:\/\/diesterheft-bauplanung.de\/index.php\/wp-json\/wp\/v2\/media?parent=34"}],"curies":[{"name":"wp","href":"https:\/\/api.w.org\/{rel}","templated":true}]}}